{"id":92,"date":"2017-04-10T09:19:57","date_gmt":"2017-04-10T07:19:57","guid":{"rendered":"http:\/\/www.juergenzeller.com\/?page_id=92"},"modified":"2019-02-11T13:49:16","modified_gmt":"2019-02-11T12:49:16","slug":"datenschutzerklaerung","status":"publish","type":"page","link":"https:\/\/www.juergenzeller.com\/?page_id=92","title":{"rendered":"Datenschutzerkl\u00e4rung"},"content":{"rendered":"<div id=\"dmaker_preview\" class=\"code\">\n<div id=\"dmaker_preview_privacy\">\n<p><strong>Datenschutz auf einen Blick:<\/strong><br \/>\nDie Nutzung unserer Webseite ist in der Regel ohne Angabe personenbezogener Daten m\u00f6glich. Nachfolgend erfahren Sie, welche Informationen gesammelt und wie mit diesen verfahren wird.<\/p>\n<p>Werden Ihr Name, Ihre Anschrift oder sonstige pers\u00f6nliche Daten ben\u00f6tigt, so werden Sie zuvor darauf hingewiesen. Wenn Sie sich entschlie\u00dfen uns pers\u00f6nliche Daten \u00fcber das Internet zu \u00fcberlassen, damit z.B. Korrespondenz abgewickelt werden kann, so wird mit diesen Daten nach den strengen Regelungen des <strong>Bundesdatenschutzgesetz (BDSG)<\/strong> und der <strong>Datenschutz-Grundverordnung der Europ\u00e4ischen Union<\/strong>, (EU-DSGVA) <\/strong>sorgf\u00e4ltig umgegangen.<\/p>\n<p>Wir weisen darauf hin, dass die Daten\u00fcbertragung im Internet (z.B. bei der Kommunikation per E-Mail) Sicherheitsl\u00fccken aufweisen kann. Ein l\u00fcckenloser Schutz der Daten vor dem Zugriff durch Dritte ist nicht m\u00f6glich.<\/p>\n<p>Durch die Aufrufe unserer Internetseite erhalten wir Nutzungsdaten, die f\u00fcr Sicherungszwecke gespeichert werden und m\u00f6glicherweise eine Identifizierung zulassen (zum Beispiel IP-Adresse, Datum, Uhrzeit und betrachtete Seiten). Diese Daten werden von uns ggf. ausgewertet, um das Nutzerverhalten kennen zu lernen und Statistiken aufzustellen. Dabei werden bei allen Ma\u00dfnahmen die hohen Sicherheitsstandards des Teledienstedatenschutzgesetzes (TDDSG) und der Datenschutzverordnung f\u00fcr Telekommunikationsunternehmen (TDSV) beachtet. Es findet keine personenbezogene Verwertung statt. Die statistische Auswertung anonymisierter Datens\u00e4tze bleibt vorbehalten.<\/p>\n<p>Sollten im Rahmen der Auftragsdatenverarbeitung Daten an Dienstleister weitergegeben werden, so sind diese an das BDSG und andere gesetzliche Vorschriften gebunden. Soweit wir gesetzlich oder per Gerichtsbeschluss dazu verpflichtet werden, werden wir Ihre Daten im geforderten Umfang an auskunftsberechtigte Stellen \u00fcbermitteln. F\u00fcr andere Zwecke geben wir Ihre Daten nicht ohne Ihr ausdr\u00fcckliches Einverst\u00e4ndnis an Dritte weiter.<\/p>\n<p>Wir speichern Ihre Daten auf besonders gesch\u00fctzten Servern in Deutschland. Der Zugriff darauf ist nur wenigen, von uns befugten Personen m\u00f6glich, die mit der technischen, kaufm\u00e4nnischen oder redaktionellen Betreuung dieser Server befasst sind.<\/p>\n<p>Wenn Sie uns auffordern, Ihre personenbezogenen Daten nicht f\u00fcr die weitere Kontaktaufnahme zu verwenden und\/oder zu l\u00f6schen, so wird entsprechend verfahren. Daten, die f\u00fcr eine Auftragsabwicklung bzw. zu kaufm\u00e4nnischen Zwecken zwingend erforderlich sind, sind von einer K\u00fcndigung beziehungsweise von einer L\u00f6schung nicht ber\u00fchrt.<\/p>\n<p><strong>Cookies<\/strong><\/p>\n<p>In Cookies werden w\u00e4hrend einer Onlinesitzung Textinformationen gesammelt und in einer speziellen Datei im ASCII-Format (cookie.txt) auf der Festplatte des Benutzers abgelegt. Wohin der Cookie beim Anwender gespeichert wird, kontrolliert der WWW-Browser des Anwenders. Cookies sind Informationen, die bei dem n\u00e4chsten Onlinebesuch an den Server zur\u00fcckgesandt werden. Sie k\u00f6nnen jeweils nur von dem Server, der sie vorher auch abgelegt hat, gelesen werden.<\/p>\n<p>Wir setzen Cookies nur dann ein, wenn sie f\u00fcr Benutzerfunktionen dringend erforderlich sind bzw. die Navigation der Websites erleichtern. Die Informationen werden keinem Dritten zur Verf\u00fcgung gestellt, da Cookies nur f\u00fcr die o.g. Zwecke verwendet werden.<br \/>\nDie meisten Browser sind so eingestellt, dass sie Cookies automatisch akzeptieren. Diese Funktion kann jedoch jederzeit im Browser deaktiviert werden. Sie k\u00f6nnen Ihren Browser so einstellen, dass er Sie benachrichtigt, sobald Cookies gesendet werden. Bei der Deaktivierung von Cookies kann die Funktionalit\u00e4t dieser Website eingeschr\u00e4nkt sein.<\/p>\n<\/div>\n<\/div>\n<div id=\"dmaker_preview\" class=\"code\">\n<div id=\"dmaker_preview_privacy\">\n<p><strong>Kontaktformular<\/strong><\/p>\n<p>Wenn Sie uns per Kontaktformular Anfragen zukommen lassen, werden Ihre Angaben aus dem Anfrageformular inklusive der von Ihnen dort angegebenen Kontaktdaten zwecks Bearbeitung der Anfrage und f\u00fcr den Fall von Anschlussfragen bei uns gespeichert. Diese Daten geben wir nicht ohne Ihre Einwilligung weiter.<\/p>\n<p><strong>Newsletterdaten<\/strong><\/p>\n<p>Wenn Sie den auf der Webseite angebotenen Newsletter beziehen m\u00f6chten, ben\u00f6tigen wir von Ihnen eine E-Mail-Adresse sowie Informationen, welche uns die \u00dcberpr\u00fcfung gestatten, dass Sie der Inhaber der angegebenen E-Mail-Adresse sind und mit dem Empfang des Newsletters einverstanden sind. Weitere Daten werden nicht erhoben. Diese Daten verwenden wir ausschlie\u00dflich f\u00fcr den Versand der angeforderten Informationen und geben sie nicht an Dritte weiter.<\/p>\n<p>Die erteilte Einwilligung zur Speicherung der Daten, der E-Mail-Adresse sowie deren Nutzung zum Versand des Newsletters k\u00f6nnen Sie jederzeit widerrufen , etwa \u00fcber den \u201eAustragen\u201c-Link im Newsletter.<\/p>\n<p><strong>Auskunft, L\u00f6schung, Sperrung<\/strong><\/p>\n<p>Sie haben jederzeit das Recht auf unentgeltliche Auskunft \u00fcber Ihre gespeicherten personenbezogenen Daten, deren Herkunft und Empf\u00e4nger und den Zweck der Datenverarbeitung sowie ein Recht auf Berichtigung, Sperrung oder L\u00f6schung dieser Daten sowie Widerruf erteilter Einwilligungen. Hierzu sowie zu weiteren Fragen zum Thema personenbezogene Daten k\u00f6nnen Sie sich jederzeit unter der im Impressum angegebenen Adresse an uns wenden. Nehmen Sie einfach mit uns Kontakt auf.<br \/>\nWir l\u00f6schen Ihre Daten regelm\u00e4\u00dfig nach Wegfall des Speicherungszwecks unter Wahrung der hierf\u00fcr geltenden Aufbewahrungsfristen.<\/p>\n<p><strong>Widerspruch Werbe-Mails<\/strong><\/p>\n<p>Der Nutzung von im Rahmen der Impressumspflicht ver\u00f6ffentlichten Kontaktdaten zur \u00dcbersendung von nicht ausdr\u00fccklich angeforderter Werbung und Informationsmaterialien wird hiermit widersprochen. Die Betreiber der Seiten behalten sich ausdr\u00fccklich rechtliche Schritte im Falle der unverlangten Zusendung von Werbeinformationen, etwa durch Spam-E-Mails, vor.<br \/>\n<em>Quellverweis: <a href=\"https:\/\/www.e-recht24.de\">eRecht24<\/a><\/em><\/p>\n<p><a href=\"https:\/\/www.e-recht24.de\"><span style=\"color: #000000;\"><strong>Bindung, Gew\u00e4hrleistung<\/strong><\/span><\/a><a href=\"https:\/\/www.e-recht24.de\"><br \/>\n<span style=\"color: #000000;\">Alle Angebote sind freibleibend und unverbindlich. Wir behalten uns vor, Teile dieser Webseite oder auch das gesamte Angebot zu ver\u00e4ndern, zu erg\u00e4nzen oder zu l\u00f6schen.<\/span><\/a><\/p>\n<\/div>\n<\/div>\n","protected":false},"excerpt":{"rendered":"<p>Datenschutz auf einen Blick: Die Nutzung unserer Webseite ist in der Regel ohne Angabe personenbezogener Daten m\u00f6glich. Nachfolgend erfahren Sie, welche Informationen gesammelt und wie mit diesen verfahren wird. Werden Ihr Name, Ihre Anschrift oder sonstige pers\u00f6nliche Daten ben\u00f6tigt, so werden Sie zuvor darauf hingewiesen. Wenn Sie sich entschlie\u00dfen uns pers\u00f6nliche Daten \u00fcber das Internet zu \u00fcberlassen, damit z.B. Korrespondenz<\/p>\n","protected":false},"author":2,"featured_media":0,"parent":11,"menu_order":7,"comment_status":"closed","ping_status":"closed","template":"","meta":{"spay_email":""},"_links":{"self":[{"href":"https:\/\/www.juergenzeller.com\/index.php?rest_route=\/wp\/v2\/pages\/92"}],"collection":[{"href":"https:\/\/www.juergenzeller.com\/index.php?rest_route=\/wp\/v2\/pages"}],"about":[{"href":"https:\/\/www.juergenzeller.com\/index.php?rest_route=\/wp\/v2\/types\/page"}],"author":[{"embeddable":true,"href":"https:\/\/www.juergenzeller.com\/index.php?rest_route=\/wp\/v2\/users\/2"}],"replies":[{"embeddable":true,"href":"https:\/\/www.juergenzeller.com\/index.php?rest_route=%2Fwp%2Fv2%2Fcomments&post=92"}],"version-history":[{"count":20,"href":"https:\/\/www.juergenzeller.com\/index.php?rest_route=\/wp\/v2\/pages\/92\/revisions"}],"predecessor-version":[{"id":796,"href":"https:\/\/www.juergenzeller.com\/index.php?rest_route=\/wp\/v2\/pages\/92\/revisions\/796"}],"up":[{"embeddable":true,"href":"https:\/\/www.juergenzeller.com\/index.php?rest_route=\/wp\/v2\/pages\/11"}],"wp:attachment":[{"href":"https:\/\/www.juergenzeller.com\/index.php?rest_route=%2Fwp%2Fv2%2Fmedia&parent=92"}],"curies":[{"name":"wp","href":"https:\/\/api.w.org\/{rel}","templated":true}]}}