{"id":7,"date":"2017-04-06T18:01:08","date_gmt":"2017-04-06T16:01:08","guid":{"rendered":"http:\/\/www.juergenzeller.com\/?page_id=7"},"modified":"2019-10-08T13:26:12","modified_gmt":"2019-10-08T11:26:12","slug":"startseite","status":"publish","type":"page","link":"https:\/\/www.juergenzeller.com\/?page_id=7","title":{"rendered":"Startseite"},"content":{"rendered":"<p style=\"text-align: center;\"><strong><span style=\"color: #0101df;\">Ihr Spezialist als einzigartige Kombination aus <br \/>KAUFM\u00c4NNISCHEM KNOW-HOW und ONLINE MARKETING WISSEN.<br \/>Als kompetenter Partner an Ihrer Seite l\u00f6se ich Ihre <\/span><\/strong><span style=\"color: #0101df;\"><strong>kaufm\u00e4nnischen Probleme, <br \/>realisiere Ihre Online Marketing Ziele und schaffe den Mehrwert!<\/strong><\/span><\/p>\n<p>In den unterschiedlichsten Situationen kann ein Unternehmen wichtige Aufgaben nicht mit eigenen Ressourcen bew\u00e4ltigen. Grund daf\u00fcr sind die fast in jedem Unternehmen auftretenden und verschiedensten Situationen, wie der zunehmende Bedarf an Management &#8211; Aufmerksamkeit, die betriebswirtschaftliche Herausforderungen, die Konfrontation au\u00dfergew\u00f6hnlicher und neu zu l\u00f6senden Aufgaben oder auch schlechte operative Ergebnisse.<\/p>\n<p><span style=\"color: #df013a;\">Ein Beispiel sind die neuen Anforderungen der Datenschutz-Grundverordnung (DS-GVO), die ab 25. Mai 2018 in der Europ\u00e4ischen Union (einheitliches Datenschutzrecht in allen Mitgliedstaaten) gilt. In diesem Fall sollten Unternehmen und Vereine ein <em>Sofortma\u00dfnahmen &#8211; Paket<\/em>\u00a0 und eine <em>Checkliste zur Pr\u00fcfung<\/em> einf\u00fchren, ob und wenn ja, in welcher Funktion die DS-GVA Anwendung findet. Wir haben unsere Datenschutzerkl\u00e4rung umgesetzt. <a href=\"http:\/\/www.juergenzeller.com\/?page_id=92\"><span style=\"color: #800080;\">Diese k\u00f6nnen Sie hier einsehen.<\/span>\u00a0<\/a>Sie k\u00f6nnen somit jederzeit nachvollziehen, was mit Ihren Daten passiert und welche Kontrolle Sie \u00fcber Ihre Daten haben.<br \/>\n<\/span><\/p>\n<p>Dazu kommt so oft eine schon viel zu lang nicht optimal eingesetzte Interimsl\u00f6sung, der Zeitmangel &#8211; keine Zeit sich mehr damit auseinanderzusetzen &#8211; meist durch fehlendes Personal, deren \u00dcberlastung sowie auch das fehlende Know-how.<\/p>\n<p>Dies bedeutet eine enorme Kraftanstrengung und kann zu einer besonderen und \u00fcberm\u00e4\u00dfigen Belastungsprobe werden.<\/p>\n<p>&nbsp;<\/p>\n<p style=\"text-align: center;\"><strong>Ich \u00fcbernehme f\u00fcr Sie die offenen Baustellen und betriebswirtschaftlichen Herausforderungen im operativen Tagesgesch\u00e4ft.<\/strong><\/p>\n<p style=\"text-align: center;\"><strong>Ich realisiere mit meinem Wissen in den unterschiedlichsten Funktionsbereichen und im Wirkungsbereich zusammen mit Ihnen, die optimalen Prozessabl\u00e4ufe.<\/strong><\/p>\n<p style=\"text-align: center;\"><strong>All meine wertvollen Erfahrungen und mein Know-how sind sofort f\u00fcr Ihr Unternehmen verf\u00fcgbar &#8211; wir gemeinsam k\u00f6nnen sofort handeln.<\/strong><\/p>\n<p style=\"text-align: center;\"><strong><span style=\"color: #0101df;\">\u2666 \u2666 \u2666 \u2666\u00a0\u00a0 Heute ist nur einmal &#8211; gehen wir zusammen den n\u00e4chsten Schritt \u00a0\u00a0 \u2666 \u2666 \u2666 \u2666<br \/>\n<\/span><\/strong><\/p>\n","protected":false},"excerpt":{"rendered":"<p>Ihr Spezialist als einzigartige Kombination aus KAUFM\u00c4NNISCHEM KNOW-HOW und ONLINE MARKETING WISSEN.Als kompetenter Partner an Ihrer Seite l\u00f6se ich Ihre kaufm\u00e4nnischen Probleme, realisiere Ihre Online Marketing Ziele und schaffe den Mehrwert! In den unterschiedlichsten Situationen kann ein Unternehmen wichtige Aufgaben nicht mit eigenen Ressourcen bew\u00e4ltigen. Grund daf\u00fcr sind die fast in jedem Unternehmen auftretenden und verschiedensten Situationen, wie der zunehmende<\/p>\n","protected":false},"author":2,"featured_media":0,"parent":0,"menu_order":1,"comment_status":"closed","ping_status":"closed","template":"","meta":{"spay_email":""},"_links":{"self":[{"href":"https:\/\/www.juergenzeller.com\/index.php?rest_route=\/wp\/v2\/pages\/7"}],"collection":[{"href":"https:\/\/www.juergenzeller.com\/index.php?rest_route=\/wp\/v2\/pages"}],"about":[{"href":"https:\/\/www.juergenzeller.com\/index.php?rest_route=\/wp\/v2\/types\/page"}],"author":[{"embeddable":true,"href":"https:\/\/www.juergenzeller.com\/index.php?rest_route=\/wp\/v2\/users\/2"}],"replies":[{"embeddable":true,"href":"https:\/\/www.juergenzeller.com\/index.php?rest_route=%2Fwp%2Fv2%2Fcomments&post=7"}],"version-history":[{"count":203,"href":"https:\/\/www.juergenzeller.com\/index.php?rest_route=\/wp\/v2\/pages\/7\/revisions"}],"predecessor-version":[{"id":1029,"href":"https:\/\/www.juergenzeller.com\/index.php?rest_route=\/wp\/v2\/pages\/7\/revisions\/1029"}],"wp:attachment":[{"href":"https:\/\/www.juergenzeller.com\/index.php?rest_route=%2Fwp%2Fv2%2Fmedia&parent=7"}],"curies":[{"name":"wp","href":"https:\/\/api.w.org\/{rel}","templated":true}]}}