{"id":485,"date":"2018-04-23T13:09:13","date_gmt":"2018-04-23T11:09:13","guid":{"rendered":"http:\/\/www.juergenzeller.com\/?page_id=485"},"modified":"2018-05-24T23:02:48","modified_gmt":"2018-05-24T21:02:48","slug":"online-marketing","status":"publish","type":"page","link":"https:\/\/www.juergenzeller.com\/?page_id=485","title":{"rendered":"Online Marketing"},"content":{"rendered":"<p style=\"text-align: center;\"><span style=\"color: #df013a;\"><strong>KEIN Plan von Online?<br \/>\nGewinnen Sie mehr Kunden im Internet mit geballtem Online Marketing<\/strong><\/span><\/p>\n<p><span class=\"Y0NH2b CLPzrc\">mit <strong>Online Marketing<\/strong> &#8211; auch <strong>Internetmarketing<\/strong> oder <strong>Web-Marketing<\/strong> &#8211; genannt, m\u00f6chten wir Sie in Ihrer Branche oder Ihrem Gesch\u00e4ftsbereich besser und erfolgreicher machen, damit Sie durch online durchgef\u00fchrte umfassende Marketing-Ma\u00dfnahmen Ihre Marketingziele erreichen. Die Stategien des Online-Marketing sind aus dem Marketing-Mix moderner Unternehmen nicht mehr wegzudenken, da die herk\u00f6mlichen Marketingkan\u00e4le schon l\u00e4ngst nicht mehr ausreichen.<br \/>\n<\/span><\/p>\n<p>Ob <strong><em>Steigerung des Bekanntheitsgrades bzw. Markenbekanntheit, verbessertes Image<\/em><\/strong> oder der <strong><em>Abschluss eines Online &#8211; Gesch\u00e4ftes<\/em><\/strong> <em><strong>\u00fcber innovative Absatzsysteme<\/strong><\/em> &#8211; automatisch und dauerhaft ablaufend &#8211;\u00a0 oder Internetplattformen die sensationelle Erfolge verzeichnen, alles ist m\u00f6glich. <span style=\"color: #df013a;\"><strong>\u21d2 Profitieren Sie von der Welt der Digitalisierung.<\/strong><\/span><\/p>\n<p>Bei sich schnell und stetig \u00e4ndernden Marktbedingungen m\u00fcssen Entwicklung und die Trends fr\u00fch erkannt und die entsprechenden Ma\u00dfnahmen und Stategien eingeleitet oder ver\u00e4ndert werden.<br \/>\nGeben Sie Ihren Kunden frische Impulse mit neuen Werbeformen inklusive dauerhaften, au\u00dfergew\u00f6hnlichen und umfassenden Serviceleistungen. Begeistern und \u00fcberzeugen Sie Ihre Kunden bzw. Ihre Zielgruppen von Ihren Produkten.<\/p>\n<p>Die Kommunikation mit dem Kunden \u00fcber herk\u00f6mmliche Marketingkan\u00e4le reicht l\u00e4ngst nicht mehr aus, um Kunden f\u00fcr das eigene Unternehmen zu begeistern und von seinen Produkten zu \u00fcberzeugen. Gerade j\u00fcngere Zielgruppen sind nur noch selten \u00fcber die traditionellen Kan\u00e4le zu erreichen und immer mehr online zu finden. Somit verlagert sich f\u00fcr viele Anbieter der Schwerpunkt des Marketing zunehmend in das Online-Marketing. In der Marketingwelt hat sich daher der Begriff \u201eOnline first\u201c eingeb\u00fcrgert.<\/p>\n<p>&nbsp;<\/p>\n<p><strong>Schl\u00fcssel &#8211; Marktl\u00fccke &#8211; Kundensystem &#8211; Modeling of Excellence<\/strong><\/p>\n<p><em>\u2295\u00a0 erzielen Sie mehr Nutzen f\u00fcr Ihre Kunden mit Kreativit\u00e4t und aktuellen Trends <\/em><br \/>\n<em>\u2295\u00a0 holen Sie Ihre Kunden mit Serviceleistungen und zus\u00e4tzlichen Kommunikationsaktivit\u00e4ten ab\u00a0 <\/em><br \/>\n<em>\u2295\u00a0 erzielen Sie mehr Umsatz seri\u00f6s und nachhaltig in nur kurzer Zeit <\/em><br \/>\n<em>\u2295\u00a0 finden Sie Ihre Zielgruppen, gerade auch die j\u00fcngeren, die nur noch selten \u00fcber die traditionellen Absatzkan\u00e4le <\/em><em>erreichbar sind<\/em><br \/>\n<em>\u2295\u00a0 profitieren Sie von den profitablen Marktl\u00fccken<br \/>\n\u2295\u00a0 Chancen und Risiken schnell erkennen und Nutzen<br \/>\n<\/em><\/p>\n<p>&nbsp;<\/p>\n<p><span class=\"Y0NH2b CLPzrc\"><strong>Begleiten &#8211; \u00dcbernehmen &#8211; Erstellen &#8211; Umsetzen<br \/>\n<\/strong><\/span><\/p>\n<p><em>\u2297\u00a0 Konzepterstellung &#8211; Entwicklung einer fundierten Stategie und konzeptionelle Vorgehensweise<br \/>\n\u2297\u00a0 Erstellen einer st\u00e4ndig einsatzbereiten Technik bzw. Maschine f\u00fcr automatisierte Neukundengewinnung<br \/>\n<\/em><em>\u2297\u00a0 Einrichten der Software f\u00fcr automatisch und dauerhaft ablaufende Prozesse<\/em><br \/>\n<em>\u2297\u00a0 Erstellen und Schalten von facebook Werbeanzeigen<\/em><\/p>\n<p style=\"text-align: center;\"><strong><br \/>\n<span style=\"color: #df013a;\">\u21d2 Geld verdient wird immer dann, wenn etwas verkauft wird!<\/span><\/strong><\/p>\n<p style=\"text-align: center;\"><span style=\"color: #df013a;\">Sichern Sie sich eine kostenlose Beratungssession, damit ich Sie pers\u00f6nlich auf diesem Weg unterst\u00fctzen kann. <em><br \/>\n<\/em><\/span><\/p>\n<p style=\"text-align: center;\"><span style=\"color: #df013a;\">Wir werden gemeinsam w\u00e4hrend dieser Beratungssession herausfinden welche Art des Online Marketings passt, damit wir jede Menge Kunden f\u00fcr Gesch\u00e4fte lokalisieren werden.<\/span><\/p>\n<p>&nbsp;<\/p>\n<p><a href=\"http:\/\/www.juergenzeller.com\/?page_id=715\"><img loading=\"lazy\" class=\"wp-image-731 size-medium aligncenter\" src=\"http:\/\/www.juergenzeller.com\/wp-content\/uploads\/2018\/05\/kontaktanfrage-300x188.png\" alt=\"\" width=\"300\" height=\"188\" srcset=\"https:\/\/www.juergenzeller.com\/wp-content\/uploads\/2018\/05\/kontaktanfrage-300x188.png 300w, https:\/\/www.juergenzeller.com\/wp-content\/uploads\/2018\/05\/kontaktanfrage.png 640w\" sizes=\"(max-width: 300px) 100vw, 300px\" \/><\/a><\/p>\n<p>&nbsp;<\/p>\n<p>&nbsp;<\/p>\n<p>&nbsp;<\/p>\n<p>&nbsp;<\/p>\n","protected":false},"excerpt":{"rendered":"<p>KEIN Plan von Online? Gewinnen Sie mehr Kunden im Internet mit geballtem Online Marketing mit Online Marketing &#8211; auch Internetmarketing oder Web-Marketing &#8211; genannt, m\u00f6chten wir Sie in Ihrer Branche oder Ihrem Gesch\u00e4ftsbereich besser und erfolgreicher machen, damit Sie durch online durchgef\u00fchrte umfassende Marketing-Ma\u00dfnahmen Ihre Marketingziele erreichen. Die Stategien des Online-Marketing sind aus dem Marketing-Mix moderner Unternehmen nicht mehr wegzudenken,<\/p>\n","protected":false},"author":2,"featured_media":0,"parent":0,"menu_order":0,"comment_status":"closed","ping_status":"closed","template":"","meta":{"spay_email":""},"_links":{"self":[{"href":"https:\/\/www.juergenzeller.com\/index.php?rest_route=\/wp\/v2\/pages\/485"}],"collection":[{"href":"https:\/\/www.juergenzeller.com\/index.php?rest_route=\/wp\/v2\/pages"}],"about":[{"href":"https:\/\/www.juergenzeller.com\/index.php?rest_route=\/wp\/v2\/types\/page"}],"author":[{"embeddable":true,"href":"https:\/\/www.juergenzeller.com\/index.php?rest_route=\/wp\/v2\/users\/2"}],"replies":[{"embeddable":true,"href":"https:\/\/www.juergenzeller.com\/index.php?rest_route=%2Fwp%2Fv2%2Fcomments&post=485"}],"version-history":[{"count":26,"href":"https:\/\/www.juergenzeller.com\/index.php?rest_route=\/wp\/v2\/pages\/485\/revisions"}],"predecessor-version":[{"id":841,"href":"https:\/\/www.juergenzeller.com\/index.php?rest_route=\/wp\/v2\/pages\/485\/revisions\/841"}],"wp:attachment":[{"href":"https:\/\/www.juergenzeller.com\/index.php?rest_route=%2Fwp%2Fv2%2Fmedia&parent=485"}],"curies":[{"name":"wp","href":"https:\/\/api.w.org\/{rel}","templated":true}]}}