{"id":467,"date":"2018-04-20T15:54:41","date_gmt":"2018-04-20T13:54:41","guid":{"rendered":"http:\/\/www.juergenzeller.com\/?page_id=467"},"modified":"2019-09-14T12:04:12","modified_gmt":"2019-09-14T10:04:12","slug":"kaufmaennischer-allrounder","status":"publish","type":"page","link":"https:\/\/www.juergenzeller.com\/?page_id=467","title":{"rendered":"Kaufm\u00e4nnischer Experte"},"content":{"rendered":"<p><center><span style=\"font-size: medium;\"><strong><span style=\"color: #0101df;\"><br \/>\nPERFEKTION ist kein Zustand, sondern ein permanenter PROZESS zur VERBESSERUNG<br \/>\nJetzt den h\u00f6heren betriebswirtschaftlichen Wirkungsgrad erreichen<\/span><br \/>\n<span style=\"color: #0101df;\"> \u21d2\u00a0\u00a0\u00a0 DIE <span style=\"color: #ff0000;\"><em>SCHWIERIGEN<\/em> <\/span>DINGE <span style=\"color: #008000;\"><em>EINFACH<\/em> <\/span>GESTALTEN\u00a0\u00a0\u00a0 \u21d0<\/span> <\/strong><\/span><\/center><center><\/center><span style=\"font-size: medium;\"><img loading=\"lazy\" class=\" wp-image-685 alignleft\" src=\"http:\/\/www.juergenzeller.com\/wp-content\/uploads\/2018\/05\/kfmAllround-300x225.png\" alt=\"\" width=\"359\" height=\"269\" srcset=\"https:\/\/www.juergenzeller.com\/wp-content\/uploads\/2018\/05\/kfmAllround-300x225.png 300w, https:\/\/www.juergenzeller.com\/wp-content\/uploads\/2018\/05\/kfmAllround-768x576.png 768w, https:\/\/www.juergenzeller.com\/wp-content\/uploads\/2018\/05\/kfmAllround.png 813w\" sizes=\"(max-width: 359px) 100vw, 359px\" \/><\/span><\/p>\n<p>Als Handelsfachwirt IHK mit ADA &#8211; Ausbildung der Ausbilder, langj\u00e4hrige F\u00fchrungskraft und Admistrator ERP, habe ich die Praxis aller kaufm\u00e4nnischen Prozesse verinnerlicht und kann Ihnen bei Problemen die speziellen L\u00f6sungen anbieten.<\/p>\n<p>Egal ob in der Finanzbuchhaltung gem. \u00a7 6 Ziff. 3 u. 4, EDV, Einkauf, Verkauf,\u00a0 Personalbuchhaltung, Verwaltung, etc. ich unterst\u00fctze Sie und hole dazu noch alles aus Ihrer Software bzw. Ihren Applikationen raus.<br \/>\nMeist ist ganz schnell klar wo die kaufm\u00e4nnischen Probleme und Herausforderungen bestehen.<\/p>\n<p>Ich biete Ihnen in jedem dieser Bereiche <strong>Erfahrung &#8211; Expertise &#8211; Analyse &#8211; Wissen<\/strong> und <strong>die dazugeh\u00f6renden Dienstleistungen.<\/strong><\/p>\n<p>In den letzten drei Jahrzehnten habe ich mehrere Warenwirtschaftssysteme und\u00a0 Personalabrechnungsprogramme sowie andere Applikationen installiert, eingerichtet und die Updates durchgef\u00fchrt. In dieser Zeit habe ich die verschiedensten Erfahrungen gemacht, auch dann wenn es gerade problematisch und schwierig wurde. Ich habe gelernt wie man die auftretenden Probleme zu Aufgaben ver\u00e4ndert und anschlie\u00dfend die L\u00f6sungen findet, die nun f\u00fcr Sie von gro\u00dfer Bedeutung sein werden. Ich werde anpacken, Sie unterst\u00fctzen und Ihnen den Mehrwert geben.<\/p>\n<p>Ersparen Sie sich unn\u00f6tige Zeitinvestition auf unbekanntem Teotorium oder lange Ausfallzeiten. Mit Fachkompetenz, Spezifikation und Professionalit\u00e4t erschaffe ich zusammen mit Ihnen, in den individuellsten Situationen die Arbeitsabl\u00e4ufe, die langfristig und auch tats\u00e4chlich funktionieren.<\/p>\n<p style=\"text-align: center;\"><strong><span style=\"color: #0101df;\"><br \/>\nIch habe das notwendige Wissen\u00a0f\u00fcr die betrieblichen Organisations- und Analyseaufgaben sowie der anschlie\u00dfenden <\/span><\/strong><strong><span style=\"color: #0101df;\">EDV-technischen Umsetzung <em>systemangepasst<\/em> und <em>das modul\u00fcbergreifend.<\/em><\/span><\/strong><\/p>\n<p style=\"text-align: center;\"><strong><span style=\"color: #0101df;\">Wenn Sie wollen \u00fcbernehme ich f\u00fcr Sie, als Ihre &#8222;rechte Hand&#8220; <em>vor\u00fcbergehend<\/em> z.B. die kaufm\u00e4nnische Leitung der verschiedensten Abl\u00e4ufe und Prozesse in Ihrem Unternehmen.<br \/>\n<\/span><\/strong><\/p>\n<p>&nbsp;<\/p>\n<p><a href=\"http:\/\/www.juergenzeller.com\/?page_id=715\"><img loading=\"lazy\" class=\"wp-image-731 size-medium aligncenter\" src=\"http:\/\/www.juergenzeller.com\/wp-content\/uploads\/2018\/05\/kontaktanfrage-300x188.png\" alt=\"\" width=\"300\" height=\"188\" srcset=\"https:\/\/www.juergenzeller.com\/wp-content\/uploads\/2018\/05\/kontaktanfrage-300x188.png 300w, https:\/\/www.juergenzeller.com\/wp-content\/uploads\/2018\/05\/kontaktanfrage.png 640w\" sizes=\"(max-width: 300px) 100vw, 300px\" \/><\/a><\/p>\n","protected":false},"excerpt":{"rendered":"<p>PERFEKTION ist kein Zustand, sondern ein permanenter PROZESS zur VERBESSERUNG Jetzt den h\u00f6heren betriebswirtschaftlichen Wirkungsgrad erreichen \u21d2\u00a0\u00a0\u00a0 DIE SCHWIERIGEN DINGE EINFACH GESTALTEN\u00a0\u00a0\u00a0 \u21d0 Als Handelsfachwirt IHK mit ADA &#8211; Ausbildung der Ausbilder, langj\u00e4hrige F\u00fchrungskraft und Admistrator ERP, habe ich die Praxis aller kaufm\u00e4nnischen Prozesse verinnerlicht und kann Ihnen bei Problemen die speziellen L\u00f6sungen anbieten. Egal ob in der Finanzbuchhaltung gem.<\/p>\n","protected":false},"author":2,"featured_media":0,"parent":0,"menu_order":0,"comment_status":"closed","ping_status":"closed","template":"","meta":{"spay_email":""},"_links":{"self":[{"href":"https:\/\/www.juergenzeller.com\/index.php?rest_route=\/wp\/v2\/pages\/467"}],"collection":[{"href":"https:\/\/www.juergenzeller.com\/index.php?rest_route=\/wp\/v2\/pages"}],"about":[{"href":"https:\/\/www.juergenzeller.com\/index.php?rest_route=\/wp\/v2\/types\/page"}],"author":[{"embeddable":true,"href":"https:\/\/www.juergenzeller.com\/index.php?rest_route=\/wp\/v2\/users\/2"}],"replies":[{"embeddable":true,"href":"https:\/\/www.juergenzeller.com\/index.php?rest_route=%2Fwp%2Fv2%2Fcomments&post=467"}],"version-history":[{"count":67,"href":"https:\/\/www.juergenzeller.com\/index.php?rest_route=\/wp\/v2\/pages\/467\/revisions"}],"predecessor-version":[{"id":1021,"href":"https:\/\/www.juergenzeller.com\/index.php?rest_route=\/wp\/v2\/pages\/467\/revisions\/1021"}],"wp:attachment":[{"href":"https:\/\/www.juergenzeller.com\/index.php?rest_route=%2Fwp%2Fv2%2Fmedia&parent=467"}],"curies":[{"name":"wp","href":"https:\/\/api.w.org\/{rel}","templated":true}]}}