{"id":300,"date":"2018-04-10T13:02:07","date_gmt":"2018-04-10T11:02:07","guid":{"rendered":"http:\/\/www.juergenzeller.com\/?page_id=300"},"modified":"2019-09-26T15:23:08","modified_gmt":"2019-09-26T13:23:08","slug":"ueber-mich","status":"publish","type":"page","link":"https:\/\/www.juergenzeller.com\/","title":{"rendered":"\u00dcber mich"},"content":{"rendered":"<p><span style=\"color: #000000;\"><strong>Wo Erfahrung und Zukunft sich erg\u00e4nzen &#8230;.<\/strong> <\/span><\/p>\n<p>In meiner jetzt schon \u00fcber 30 \u2013 j\u00e4hrigen beruflichen T\u00e4tigkeit in den verschiedensten Abteilungen in der Industrie, im Einzel- und Gro\u00dfhandel, habe ich meine Aufgaben als <strong><a href=\"http:\/\/www.juergenzeller.com\/?page_id=467\"><span style=\"color: #df013a;\"><em>kaufm\u00e4nnischer Experte<\/em><\/span><\/a> <\/strong>und die diesbez\u00fcglichen Herausforderungen nicht nur als Job sondern auch immer als Passion verstanden. In den letzen Jahren habe ich durch die Weiterbildungen in verschiedenen Akademien mein Wissen st\u00e4ndig erweitert und mich zum <a href=\"http:\/\/www.juergenzeller.com\/?page_id=485\"><em><strong><span style=\"color: #0101df;\">Online Marketing Manager<\/span><\/strong><\/em> <\/a>weiter qualifiziert.<\/p>\n<p><img loading=\"lazy\" class=\"size-full wp-image-581 alignleft\" src=\"http:\/\/www.juergenzeller.com\/wp-content\/uploads\/2018\/04\/JZ_.png\" alt=\"\" width=\"220\" height=\"256\" \/><\/p>\n<p>Durch das Gelernte und den vielf\u00e4ltigen und kombinierten Praxis \u2013 Erfahrungen habe ich mir in dieser Zeit<strong> das Know-How, die Soft Skills, die Hands-On Mentalit\u00e4t<\/strong> und eine <strong>Probleml\u00f6sekompetenz<\/strong> angeeignet. Gleicherma\u00dfen mit den Unternehmensprozessen sowie den betrieblichen Abl\u00e4ufen betraut zu sein ist einer meiner elementaren Vorteile. Ich kann auf alles jederzeit zur\u00fcckgreifen, mit was ich mich in all diesen Jahren besch\u00e4ftigt habe. Zusammen mit den Unternehmen erarbeite ich die Wege und L\u00f6sungen, damit die komplexen und vielf\u00e4ltigen Herausforderungen vor Ort jederzeit erfolgreich gemeistert werden.<\/p>\n<p>Die Qualit\u00e4t und Gr\u00fcndlichkeit meiner Arbeiten, meine Einsatzbereitschaft, meine Soft Skills und z\u00fcndenden Ideen zeichnen mich genauso aus, wie die F\u00e4higkeit mit dem gravierenden Wandel in der Arbeitswelt und den neuen Medien und Techniken umzugehen.<\/p>\n<p><strong>Klarheit \u2013 Kompetenz \u2013 Konsequenz<\/strong><\/p>\n<p style=\"text-align: left;\">Regelm\u00e4\u00dfig meinen Horizont erweitern, mein Fachwissen bis hin zum Expertenwissen zu verbessern und anzuwenden, jederzeit Verantwortung \u00fcbernehmen, die neuen Herausforderungen mit Begeisterung aufnehmen und anschlie\u00dfend neue und die richtigen Strategien erarbeiten, bef\u00e4higen mich zu erkennen<\/p>\n<p style=\"text-align: left;\"><strong>\u00a0\u00a0\u00a0\u00a0\u00a0\u00a0\u00a0\u00a0\u00a0\u00a0\u00a0\u00a0 was wichtig ist \u21d2 angepackt, ver\u00e4ndert und erledigt werden muss<\/strong>.<\/p>\n<p>&nbsp;<\/p>\n<p>Dabei macht es mir Freude und Spa\u00df mein Wissen und meine Erfahrungen weiter zu geben. Im Doing klar sein sowie die richtigen Ziele setzen und erreichen gilt es auch weiterhin, damit Unternehmen f\u00fcr die Zukunft auch optimal aufgestellt bleiben.<\/p>\n<p>Ich m\u00f6chte zusammen mit Ihnen Ihre Ziele wirksam mit anpacken, die Projekte und Arbeitsprozesse analysieren, optimieren und dabei die besten aufeinander abgestimmten Arbeitsabl\u00e4ufe sicherstellen, f\u00fcr gute Ergebnisse sorgen und ein langfristiges und funktionierendes System mit Prozess-Struktur garantieren.<\/p>\n<p><em>\u2297\u00a0 Ersparen Sie sich unn\u00f6tige Investitionen und heben sich von den Mitbewerbern ab.<\/em><br \/>\n<em>\u2297\u00a0 Werden Sie noch erfolgreicher und bringen sich in eine Top-Position.<\/em><br \/>\n<em> \u2297\u00a0 Investieren Sie Zeit und Geld richtig.<\/em><\/p>\n<p>&nbsp;<\/p>\n<p style=\"text-align: center;\"><strong><span style=\"color: #df013a;\">ES REICHT NICHT NUR GUT ZU SEIN<br \/>\n<\/span><\/strong><br \/>\n<strong><span style=\"color: #0101df;\"> \u21d2 ICH UNTERST\u00dcTZE SIE UND BIN F\u00dcR SIE DA<br \/>\n<\/span><\/strong><br \/>\n<span style=\"color: #0101df;\"><strong>SIE K\u00dcMMERN SICH UM DIE DINGE DIE IHNEN WICHTIG SIND<\/strong><\/span><\/p>\n<p style=\"text-align: center;\"><span style=\"color: #0101df;\"><strong>\u21d2\u00a0ICH ERLEDIGE DIE VERWALTERISCHEN UND ORGANISATORISCHEN AUFGABEN<\/strong><\/span><\/p>\n<p style=\"text-align: center;\"><strong><span style=\"color: #0101df;\"><span style=\"color: #df013a;\">Praxis leben \u00b7 zuverl\u00e4ssig\u00a0 \u00b7 kompetent \u00b7 erfahren<br \/>\nflexibel \u00b7 effektiv \u00b7 prozessoptimiert<\/span><\/span><\/strong><\/p>\n<p style=\"text-align: center;\"><strong><span style=\"color: #0101df;\">WELCHES PROBLEM KANN ICH F\u00dcR SIE L\u00d6SEN?<\/span><\/strong><br \/>\n<strong> <span style=\"color: #0101df;\">WAS KANN ICH F\u00dcR SIE TUN?<\/span><\/strong><\/p>\n","protected":false},"excerpt":{"rendered":"<p>Wo Erfahrung und Zukunft sich erg\u00e4nzen &#8230;. In meiner jetzt schon \u00fcber 30 \u2013 j\u00e4hrigen beruflichen T\u00e4tigkeit in den verschiedensten Abteilungen in der Industrie, im Einzel- und Gro\u00dfhandel, habe ich meine Aufgaben als kaufm\u00e4nnischer Experte und die diesbez\u00fcglichen Herausforderungen nicht nur als Job sondern auch immer als Passion verstanden. In den letzen Jahren habe ich durch die Weiterbildungen in verschiedenen<\/p>\n","protected":false},"author":2,"featured_media":0,"parent":0,"menu_order":0,"comment_status":"closed","ping_status":"closed","template":"","meta":{"spay_email":""},"_links":{"self":[{"href":"https:\/\/www.juergenzeller.com\/index.php?rest_route=\/wp\/v2\/pages\/300"}],"collection":[{"href":"https:\/\/www.juergenzeller.com\/index.php?rest_route=\/wp\/v2\/pages"}],"about":[{"href":"https:\/\/www.juergenzeller.com\/index.php?rest_route=\/wp\/v2\/types\/page"}],"author":[{"embeddable":true,"href":"https:\/\/www.juergenzeller.com\/index.php?rest_route=\/wp\/v2\/users\/2"}],"replies":[{"embeddable":true,"href":"https:\/\/www.juergenzeller.com\/index.php?rest_route=%2Fwp%2Fv2%2Fcomments&post=300"}],"version-history":[{"count":102,"href":"https:\/\/www.juergenzeller.com\/index.php?rest_route=\/wp\/v2\/pages\/300\/revisions"}],"predecessor-version":[{"id":922,"href":"https:\/\/www.juergenzeller.com\/index.php?rest_route=\/wp\/v2\/pages\/300\/revisions\/922"}],"wp:attachment":[{"href":"https:\/\/www.juergenzeller.com\/index.php?rest_route=%2Fwp%2Fv2%2Fmedia&parent=300"}],"curies":[{"name":"wp","href":"https:\/\/api.w.org\/{rel}","templated":true}]}}