{"id":11,"date":"2017-04-06T18:01:09","date_gmt":"2017-04-06T16:01:09","guid":{"rendered":"http:\/\/www.juergenzeller.com\/?page_id=11"},"modified":"2019-02-11T13:46:55","modified_gmt":"2019-02-11T12:46:55","slug":"ein-startseiten-abschnitt","status":"publish","type":"page","link":"https:\/\/www.juergenzeller.com\/?page_id=11","title":{"rendered":"Impressum"},"content":{"rendered":"<div class=\"entry-content clearfix\"><span style=\"font-size: medium;\">Angaben gem\u00e4\u00df \u00a7 5 TMG:<\/span><\/div>\n<div class=\"entry-content clearfix\"><strong><strong><strong><span style=\"font-size: medium;\"><br \/>\nJ\u00fcrgen Zeller<br \/>\nKolpingstrasse 2 A<br \/>\n63939 W\u00f6rth am Main<\/span><\/strong><\/strong><\/strong><\/div>\n<div class=\"entry-content clearfix\">\n<p>Telefon: +49 9372 2 009 010<br \/>\nMobil:&nbsp;&nbsp;&nbsp;  +49 170 1010 939<br \/>\nE-Mail:\u00a0&nbsp;&nbsp; info@juergenzeller.com<\/p>\n<p><strong>Hinweis:<\/strong><br \/>\nBei Verst\u00f6\u00dfen gegen die Urheberrichtlinien, informieren Sie uns bitte per Email damit wir derartige Links umgehend entfernen.<\/p>\n<p><strong>Hinweis auf EU-Streitschlichtung:<br \/>\n<\/strong>Wir sind nicht bereit oder verpflichtet, an Streitbeilegungsverfahren vor einer Verbraucherschlichtungsstelle teilzunehmen.<\/p>\n<\/div>\n<div class=\"entry-content clearfix\">\n<p><strong>Rechtliche Hinweise:<br \/>\n<\/strong>Die auf diesen Webseiten enthaltenen bzw. zur Verf\u00fcgung gestellten Information werden unter Beachtung gro\u00dfer Sorgfalt laufend aktualisiert und erg\u00e4nzt. Dennoch k\u00f6nnen wir f\u00fcr die Richtigkeit und Vollst\u00e4ndigkeit der angegebenen Daten keine Garantie \u00fcbernehmen, da eine in der Zwischenzeit eingetretene \u00c3nderung nicht g\u00e4nzlich auszuschlie\u00dfen ist. Dies gilt ebenso f\u00fcr s\u00e4mtliche Webseiten Dritter, auf die durch einen Hyperlink verwiesen wird. F\u00fcr die dort enthaltenen Informationen (fremde Inhalte) zu denen mittels Hyperlink lediglich der Zugang zur Nutzung vermittelt wird, ist der Betreiber dieser Webseiten nicht verantwortlich \u00a7 5 Abs. 3 TDG.Der Inhalt und die Gestaltung dieser Webseiten sind urheberrechtlich gesch\u00fctzt. Eine Vervielf\u00e4ltigung oder Ver\u00e4nderung der enthaltenen Daten und den Informationen bedarf der vorherigen schriftlichen Zustimmung der Betreiber dieser Webseiten.<\/p>\n<p><strong>Allgemeines:<\/strong><br \/>\nDie Autoren \u00fcbernehmen keinerlei Gew\u00e4hr f\u00fcr die Aktualit\u00e4t, Richtigkeit, Vollst\u00e4ndigkeit oder Qualit\u00e4t der bereitgestellten Informationen. Haftungsanspr\u00fcche gegen die Autoren, welche sich auf Sch\u00e4den materieller oder ideeller Art beziehen, die durch die Nutzung der dargebotenen Informationen oder durch die Nutzung fehlerhafter oder unvollst\u00e4ndiger Informationen verursacht werden sind grunds\u00e4tzlich ausgeschlossen, sofern seitens der Autoren kein nachweislich vors\u00e4tzliches oder grob fahrl\u00e4ssiges Verschulden vorliegt.<\/p>\n<p><strong>Haftung f\u00fcr Inhalte: <\/strong><br \/>\nAls Diensteanbieter sind wir gem\u00e4\u00df \u00a7 7 Abs.1 TMG f\u00fcr eigene Inhalte auf diesen Seiten nach den allgemeinen Gesetzen verantwortlich. Nach \u00a7\u00a7 8 bis 10 TMG sind wir als Diensteanbieter jedoch nicht verpflichtet, \u00fcbermittelte oder gespeicherte fremde Informationen zu \u00fcberwachen oder nach Umst\u00e4nden zu forschen, die auf eine rechtswidrige T\u00e4tigkeit hinweisen. Verpflichtungen zur Entfernung oder Sperrung der Nutzung von Informationen nach den allgemeinen Gesetzen bleiben hiervon unber\u00fchrt. Eine diesbez\u00fcgliche Haftung ist jedoch erst ab dem Zeitpunkt der Kenntnis einer konkreten Rechtsverletzung m\u00f6glich. Bei Bekanntwerden von entsprechenden Rechtsverletzungen werden wir diese Inhalte umgehend entfernen.<\/p>\n<\/div>\n<div class=\"entry-content clearfix\">\n<p><strong>Disclaimer:<\/strong><br \/>\nMit Urteil ( 312 O 85\/98 ) vom 12. Mai 1998 hat das Landgericht Hamburg entschieden, dass man durch die Ausbringung eines Links die Inhalte der gelinkten Seiten ggf. mit zu verantworten hat. Dies kann \u2013 so das Landesgericht \u2013 nur dadurch verhindert werden, dass man sich ausdr\u00fccklich von diesen Inhalten distanziert. Wir haben auf verschiedenen Seiten dieser Homepage Links zu anderen Seiten im Internet gelegt. F\u00fcr alle Links, die auf diesen Seiten genannt werden, gilt: Wir m\u00f6chten ausdr\u00fccklich betonen, dass wir keinerlei Einfluss auf die Gestaltung und die Inhalte der gelinkten Seiten haben. Deshalb distanzieren wir uns hiermit ausdr\u00fccklich von allen Inhalten der gelinkten Seiten auf dieser Homepage und machen uns ihre Inhalte nicht zu eigen. Diese Erkl\u00e4rung gilt f\u00fcr alle auf dieser Homepage angebrachten Links. Wir haften nicht f\u00fcr Sch\u00e4den aufgrund von Handlungen, die ausgehend von der Benutzung, Leistung oder Abfrage dieser Webseiten, im Zusammenhang mit dem Zugriff darauf oder mit der Verkn\u00fcpfung (Verlinkung) mit anderen Webseiten entstehen k\u00f6nnen.<\/p>\n<div class=\"entry-content cf\">\n<p><strong>Keine Abmahnung ohne vorherigen Kontakt:<br \/>\n<\/strong>Sollte irgendwelcher Inhalt oder die designtechnische Gestaltung einzelner Seiten oder Teile dieser Homepage, Rechte Dritter oder gesetzliche Bestimmungen verletzen oder anderweitig in irgendeiner Form wettbewerbsrechtliche Probleme hervorbringen, so bitte ich unter Berufung auf \u00a7 8 Abs. 4 UWG, um eine angemessene, ausreichend erl\u00e4uternde und schnelle Nachricht ohne Kostennote. Wir garantieren, dass die zu Recht beanstandeten Passagen oder Teile dieser Webseiten in angemessener Frist entfernt bzw. den rechtlichen Vorgaben umf\u00e4nglich angepasst werden, ohne dass von Ihrer Seite die Einschaltung eines Rechtsbeistandes erforderlich ist. Die Einschaltung eines Anwaltes, zur f\u00fcr den Diensteanbieter kostenpflichtigen Abmahnung, entspricht nicht dessen wirklichen oder mutma\u00dflichen Willen und w\u00fcrde damit einen Verstoss gegen \u00a7 13 Abs. 5 UWG, wegen der Verfolgung sachfremder Ziele als beherrschendes Motiv der Verfahrenseinleitung, insbesondere einer Kostenerzielungsabsicht als eigentliche Triebfeder, sowie einen Versto\u00df gegen die Schadensminderungspflicht darstellen.<\/p>\n<\/div>\n<p><strong>Rechte der Urheber:<\/strong><br \/>\nDie durch die Seitenbetreiber erstellten Inhalte und Werke auf diesen Seiten unterliegen dem deutschen Urheberrecht. Die Vervielf\u00e4ltigung, Bearbeitung, Verbreitung und jede Art der Veerwertung au\u00dferhalb der Grenzen des Urheberrechtes bed\u00fcrfen der schriftlichen Zustimmung des jeweiligen Autors bzw. Erstellers. Downloads und Kopien dieser Seite sind nur f\u00fcr den privaten, nicht kommerziellen Gebrauch gestattet. <\/p>\n<p>Soweit die Inhalte auf dieser Seite nicht vom Betreiber erstellt wurden, werden die Urheberrechte Dritter beachtet. Insbesondere werden Inhalte Dritter als solche gekennzeichnet. Sollten Sie trotzdem auf eine Urheberrechtsverletzung aufmerksam werden, bitten wir um einen entsprechenden Hinweis. Bei Bekanntwerden von Rechtsverletzungen werden wir derartige Inhalte umgehend entfernen.<\/p>\n<p><strong>Verwendete Bildmaterial &#8211; Bilddateien:<\/strong><\/p>\n<p><strong>Recht am eigenen Bild:<\/strong><br \/>\nSollte jemand auf diesen Seiten in irgendeiner Weise abgebildet sein und dieses ausdr\u00fccklich nicht w\u00fcnschen, so bitten wir, sich unverz\u00fcglich mit uns in Verbindung zu setzen um diesen Missstand zu beseitigen.<\/p>\n<p><strong>Datenschutz (weiteres auf unserer Seite <a href=\"http:\/\/www.juergenzeller.com\/?page_id=92\"><span style=\"color: #df013a;\"><em>Datenschutz<\/em><\/span><\/a>):<\/strong><br \/>\nSoweit innerhalb des Internetangebotes die M\u00f6glichkeit besteht, pers\u00f6nliche oder gesch\u00e4ftliche Daten (eMail-Adressen, Namen, Anschriften) einzugeben, erfolgt die Preisgabe dieser Daten seitens der Nutzer allein auf freiwilliger Basis. Die Inanspruchnahme und Bezahlung aller angebotenen Dienste ist \u2013 soweit technisch m\u00f6glich und zumutbar \u2013 auch ohne Angabe solcher Daten oder unter Angabe anonymisierter Daten oder eines Pseudonyms gestattet.<\/p>\n<p><strong>Kommunikation \u00fcber eMail:<\/strong><br \/>\nKommunikation via eMail kann Sicherheitsl\u00fccken aufweisen. Beispielsweise k\u00f6nnen eMails auf ihrem Weg an die Mitarbeiter des Online-Angebots von versierten Internet-Nutzern aufgehalten und eingesehen werden. Sollten wir eine eMail von Ihnen erhalten, so gehen wir davon aus, dass wir zu einer Beantwortung per eMail berechtigt sind. Ansonsten m\u00fcssen wir ausdr\u00fccklich auf eine andere Art der Kommunikation verweisen.<\/p>\n<p>&nbsp;<br \/>\nQuelle: https:\/\/www.e-recht24.de <\/p>\n<\/div>\n","protected":false},"excerpt":{"rendered":"<p>Angaben gem\u00e4\u00df \u00a7 5 TMG: J\u00fcrgen Zeller Kolpingstrasse 2 A 63939 W\u00f6rth am Main Telefon: +49 9372 2 009 010 Mobil:&nbsp;&nbsp;&nbsp; +49 170 1010 939 E-Mail:\u00a0&nbsp;&nbsp; info@juergenzeller.com Hinweis: Bei Verst\u00f6\u00dfen gegen die Urheberrichtlinien, informieren Sie uns bitte per Email damit wir derartige Links umgehend entfernen. Hinweis auf EU-Streitschlichtung: Wir sind nicht bereit oder verpflichtet, an Streitbeilegungsverfahren vor einer Verbraucherschlichtungsstelle teilzunehmen.<\/p>\n","protected":false},"author":2,"featured_media":0,"parent":0,"menu_order":5,"comment_status":"closed","ping_status":"closed","template":"","meta":{"spay_email":""},"_links":{"self":[{"href":"https:\/\/www.juergenzeller.com\/index.php?rest_route=\/wp\/v2\/pages\/11"}],"collection":[{"href":"https:\/\/www.juergenzeller.com\/index.php?rest_route=\/wp\/v2\/pages"}],"about":[{"href":"https:\/\/www.juergenzeller.com\/index.php?rest_route=\/wp\/v2\/types\/page"}],"author":[{"embeddable":true,"href":"https:\/\/www.juergenzeller.com\/index.php?rest_route=\/wp\/v2\/users\/2"}],"replies":[{"embeddable":true,"href":"https:\/\/www.juergenzeller.com\/index.php?rest_route=%2Fwp%2Fv2%2Fcomments&post=11"}],"version-history":[{"count":40,"href":"https:\/\/www.juergenzeller.com\/index.php?rest_route=\/wp\/v2\/pages\/11\/revisions"}],"predecessor-version":[{"id":944,"href":"https:\/\/www.juergenzeller.com\/index.php?rest_route=\/wp\/v2\/pages\/11\/revisions\/944"}],"wp:attachment":[{"href":"https:\/\/www.juergenzeller.com\/index.php?rest_route=%2Fwp%2Fv2%2Fmedia&parent=11"}],"curies":[{"name":"wp","href":"https:\/\/api.w.org\/{rel}","templated":true}]}}